 {"id":18717,"date":"2020-04-27T18:27:13","date_gmt":"2020-04-27T16:27:13","guid":{"rendered":"https:\/\/www.etconline.de\/wp\/?page_id=18717"},"modified":"2023-02-08T16:36:56","modified_gmt":"2023-02-08T15:36:56","slug":"mannschaft-2020-21","status":"publish","type":"page","link":"https:\/\/www.etconline.de\/wp\/index.php\/history\/saisonrueckblicke\/saison-2020-21-del-2\/mannschaft-2020-21\/","title":{"rendered":"Mannschaft 2020\/21"},"content":{"rendered":"\n<table id=\"tablepress-1-ka-202021\" class=\"tablepress tablepress-id-1-ka-202021\" aria-describedby=\"tablepress-1-ka-202021-description\">\n<thead>\n<tr class=\"row-1\">\n\t<th class=\"column-1\">Nr.<\/th><th class=\"column-2\">Name<\/th><th class=\"column-3\">Pos.<\/th><th class=\"column-4\">Ha.<\/th><th class=\"column-5\">Geb.datum<\/th><th class=\"column-6\">Gr.<\/th><th class=\"column-7\">Gew.<\/th><th class=\"column-8\">Nat.<\/th>\n<\/tr>\n<\/thead>\n<tbody class=\"row-striping row-hover\">\n<tr class=\"row-2\">\n\t<td class=\"column-1\">30<\/td><td class=\"column-2\"><a href=\"https:\/\/www.etconline.de\/wp\/index.php\/2016\/10\/30\/mark-arnsperger\/\">Arnsperger, Mark<\/a><\/td><td class=\"column-3\">G<\/td><td class=\"column-4\">L<\/td><td class=\"column-5\">1999-12-06<\/td><td class=\"column-6\">192<\/td><td class=\"column-7\">95<\/td><td class=\"column-8\"><img decoding=\"async\" src=\"https:\/\/www.etconline.de\/wp\/wp-content\/uploads\/2017\/06\/flagge_GER.png\" alt=\"\" width=\"19\" height=\"14\" class=\"alignnone size-full wp-image-9254\" \/><\/td>\n<\/tr>\n<tr class=\"row-3\">\n\t<td class=\"column-1\">31<\/td><td class=\"column-2\"><a href=\"https:\/\/www.etconline.de\/wp\/index.php\/2019\/08\/10\/michael-bitzer\/\">Bitzer, Michael<\/a><\/td><td class=\"column-3\">G<\/td><td class=\"column-4\">L<\/td><td class=\"column-5\">1993-10-23<\/td><td class=\"column-6\">180<\/td><td class=\"column-7\">87<\/td><td class=\"column-8\"><img decoding=\"async\" src=\"https:\/\/www.etconline.de\/wp\/wp-content\/uploads\/2017\/06\/flagge_GER.png\" alt=\"\" width=\"19\" height=\"14\" class=\"alignnone size-full wp-image-9254\" \/> <img decoding=\"async\" src=\"https:\/\/www.etconline.de\/wp\/wp-content\/uploads\/2017\/06\/flagge_USA.png\" alt=\"\" width=\"19\" height=\"14\" class=\"alignnone size-full wp-image-9264\" \/><\/td>\n<\/tr>\n<tr class=\"row-4\">\n\t<td class=\"column-1\">97<\/td><td class=\"column-2\"><a href=\"https:\/\/www.etconline.de\/wp\/index.php\/2021\/01\/18\/ilya-andryukhov\/\">Andryukhov, Ilya<\/a><\/td><td class=\"column-3\">G<\/td><td class=\"column-4\">L<\/td><td class=\"column-5\">1990-05-25<\/td><td class=\"column-6\">187<\/td><td class=\"column-7\">92<\/td><td class=\"column-8\"><img decoding=\"async\" src=\"https:\/\/www.etconline.de\/wp\/wp-content\/uploads\/2017\/06\/flagge_GER.png\" alt=\"\" width=\"19\" height=\"14\" class=\"alignnone size-full wp-image-9254\" \/> <img decoding=\"async\" src=\"https:\/\/www.etconline.de\/wp\/wp-content\/uploads\/2017\/06\/flagge_RUS.png\" alt=\"\" width=\"19\" height=\"14\" class=\"alignnone size-full wp-image-9257\" \/><\/td>\n<\/tr>\n<tr class=\"row-5\">\n\t<td class=\"column-1\">4<\/td><td class=\"column-2\"><a href=\"https:\/\/www.etconline.de\/wp\/index.php\/2018\/05\/19\/felix-thomas\/\">Thomas, Felix<\/a><\/td><td class=\"column-3\">D<\/td><td class=\"column-4\">L<\/td><td class=\"column-5\">1988-02-22<\/td><td class=\"column-6\">180<\/td><td class=\"column-7\">86<\/td><td class=\"column-8\"><img decoding=\"async\" src=\"https:\/\/www.etconline.de\/wp\/wp-content\/uploads\/2017\/06\/flagge_GER.png\" alt=\"\" width=\"19\" height=\"14\" class=\"alignnone size-full wp-image-9254\" \/><\/td>\n<\/tr>\n<tr class=\"row-6\">\n\t<td class=\"column-1\">2<\/td><td class=\"column-2\"><a href=\"https:\/\/www.etconline.de\/wp\/index.php\/2018\/06\/12\/carl-hudson\/\">Hudson, Carl<\/a><\/td><td class=\"column-3\">D<\/td><td class=\"column-4\">R<\/td><td class=\"column-5\">1986-01-02<\/td><td class=\"column-6\">185<\/td><td class=\"column-7\">96<\/td><td class=\"column-8\"><img decoding=\"async\" src=\"https:\/\/www.etconline.de\/wp\/wp-content\/uploads\/2017\/06\/flagge_CAN.png\" alt=\"\" width=\"19\" height=\"14\" class=\"alignnone size-full wp-image-9251\" \/> <img decoding=\"async\" src=\"https:\/\/www.etconline.de\/wp\/wp-content\/uploads\/2018\/03\/flagge_IRE.png\" alt=\"\" width=\"19\" height=\"14\" class=\"alignnone size-full wp-image-12789\" \/><\/td>\n<\/tr>\n<tr class=\"row-7\">\n\t<td class=\"column-1\">13<\/td><td class=\"column-2\"><a href=\"https:\/\/www.etconline.de\/wp\/index.php\/2016\/11\/01\/andre-schietzold\/\">Schietzold, Andr\u00e9<\/a><\/td><td class=\"column-3\">D\/LW<\/td><td class=\"column-4\">L<\/td><td class=\"column-5\">1987-01-11<\/td><td class=\"column-6\">178<\/td><td class=\"column-7\">84<\/td><td class=\"column-8\"><img decoding=\"async\" src=\"https:\/\/www.etconline.de\/wp\/wp-content\/uploads\/2017\/06\/flagge_GER.png\" alt=\"\" width=\"19\" height=\"14\" class=\"alignnone size-full wp-image-9254\" \/><\/td>\n<\/tr>\n<tr class=\"row-8\">\n\t<td class=\"column-1\">15<\/td><td class=\"column-2\"><a href=\"https:\/\/www.etconline.de\/wp\/index.php\/2016\/11\/01\/ole-olleff\/\">Olleff, Ole<\/a><\/td><td class=\"column-3\">D<\/td><td class=\"column-4\">L<\/td><td class=\"column-5\">1996-05-11<\/td><td class=\"column-6\">188<\/td><td class=\"column-7\">89<\/td><td class=\"column-8\"><img decoding=\"async\" src=\"https:\/\/www.etconline.de\/wp\/wp-content\/uploads\/2017\/06\/flagge_GER.png\" alt=\"\" width=\"19\" height=\"14\" class=\"alignnone size-full wp-image-9254\" \/><\/td>\n<\/tr>\n<tr class=\"row-9\">\n\t<td class=\"column-1\">24<\/td><td class=\"column-2\"> <a href=\"https:\/\/www.etconline.de\/wp\/index.php\/2020\/06\/14\/moritz-schug\/\">Schug, Moritz *<\/a><\/td><td class=\"column-3\">D<\/td><td class=\"column-4\">R<\/td><td class=\"column-5\">1996-12-01<\/td><td class=\"column-6\">184<\/td><td class=\"column-7\">89<\/td><td class=\"column-8\"><img decoding=\"async\" src=\"https:\/\/www.etconline.de\/wp\/wp-content\/uploads\/2017\/06\/flagge_GER.png\" alt=\"\" width=\"19\" height=\"14\" class=\"alignnone size-full wp-image-9254\" \/><\/td>\n<\/tr>\n<tr class=\"row-10\">\n\t<td class=\"column-1\">27<\/td><td class=\"column-2\"><a href=\"https:\/\/www.etconline.de\/wp\/index.php\/2020\/08\/14\/kelly-summers\/\">Summers, Kelly<\/a><\/td><td class=\"column-3\">D<\/td><td class=\"column-4\">R<\/td><td class=\"column-5\">1996-04-29<\/td><td class=\"column-6\">185<\/td><td class=\"column-7\">89<\/td><td class=\"column-8\"><img decoding=\"async\" src=\"https:\/\/www.etconline.de\/wp\/wp-content\/uploads\/2017\/06\/flagge_CAN.png\" alt=\"\" width=\"19\" height=\"14\" class=\"alignnone size-full wp-image-9251\" \/><\/td>\n<\/tr>\n<tr class=\"row-11\">\n\t<td class=\"column-1\">79<\/td><td class=\"column-2\"> <a href=\"https:\/\/www.etconline.de\/wp\/index.php\/2020\/06\/07\/mario-scalzo\/\">Scalzo, Mario<\/a><\/td><td class=\"column-3\">D<\/td><td class=\"column-4\">L<\/td><td class=\"column-5\">1984-11-11<\/td><td class=\"column-6\">178<\/td><td class=\"column-7\">84<\/td><td class=\"column-8\"><img decoding=\"async\" src=\"https:\/\/www.etconline.de\/wp\/wp-content\/uploads\/2017\/06\/flagge_GER.png\" alt=\"\" width=\"19\" height=\"14\" class=\"alignnone size-full wp-image-9254\" \/> <img decoding=\"async\" src=\"https:\/\/www.etconline.de\/wp\/wp-content\/uploads\/2017\/06\/flagge_CAN.png\" alt=\"\" width=\"19\" height=\"14\" class=\"alignnone size-full wp-image-9251\" \/><\/td>\n<\/tr>\n<tr class=\"row-12\">\n\t<td class=\"column-1\">82<\/td><td class=\"column-2\"> <a href=\"https:\/\/www.etconline.de\/wp\/index.php\/2020\/12\/05\/niklas-heyer\/\">Heyer, Niklas<\/a><\/td><td class=\"column-3\">D<\/td><td class=\"column-4\">L<\/td><td class=\"column-5\">2001-05-29<\/td><td class=\"column-6\">177<\/td><td class=\"column-7\">70<\/td><td class=\"column-8\"><img decoding=\"async\" src=\"https:\/\/www.etconline.de\/wp\/wp-content\/uploads\/2017\/06\/flagge_GER.png\" alt=\"\" width=\"19\" height=\"14\" class=\"alignnone size-full wp-image-9254\" \/><\/td>\n<\/tr>\n<tr class=\"row-13\">\n\t<td class=\"column-1\">8<\/td><td class=\"column-2\"><a href=\"https:\/\/www.etconline.de\/wp\/index.php\/2016\/10\/31\/dominic-walsh\/\">Walsh, Dominic<\/a><\/td><td class=\"column-3\">D\/RW<\/td><td class=\"column-4\">R<\/td><td class=\"column-5\">1989-07-18<\/td><td class=\"column-6\">183<\/td><td class=\"column-7\">88<\/td><td class=\"column-8\"><img decoding=\"async\" src=\"https:\/\/www.etconline.de\/wp\/wp-content\/uploads\/2017\/06\/flagge_GER.png\" alt=\"\" width=\"19\" height=\"14\" class=\"alignnone size-full wp-image-9254\" \/> <img decoding=\"async\" src=\"https:\/\/www.etconline.de\/wp\/wp-content\/uploads\/2017\/06\/flagge_GBR.png\" alt=\"\" width=\"19\" height=\"14\" class=\"alignnone size-full wp-image-9266\" \/><\/td>\n<\/tr>\n<tr class=\"row-14\">\n\t<td class=\"column-1\">16<\/td><td class=\"column-2\"><a href=\"https:\/\/www.etconline.de\/wp\/index.php\/2016\/11\/02\/vincent-schlenker\/\">Schlenker, Vincent<\/a><\/td><td class=\"column-3\">RW\/LW<\/td><td class=\"column-4\">R<\/td><td class=\"column-5\">1992-12-17<\/td><td class=\"column-6\">189<\/td><td class=\"column-7\">86<\/td><td class=\"column-8\"><img decoding=\"async\" src=\"https:\/\/www.etconline.de\/wp\/wp-content\/uploads\/2017\/06\/flagge_GER.png\" alt=\"\" width=\"19\" height=\"14\" class=\"alignnone size-full wp-image-9254\" \/><\/td>\n<\/tr>\n<tr class=\"row-15\">\n\t<td class=\"column-1\">17<\/td><td class=\"column-2\"><a href=\"https:\/\/www.etconline.de\/wp\/index.php\/2020\/06\/09\/mathieu-lemay\/\">Lemay, Mathieu<\/a><\/td><td class=\"column-3\">RW\/C<\/td><td class=\"column-4\">R<\/td><td class=\"column-5\">1994-12-19<\/td><td class=\"column-6\">180<\/td><td class=\"column-7\">79<\/td><td class=\"column-8\"><img decoding=\"async\" src=\"https:\/\/www.etconline.de\/wp\/wp-content\/uploads\/2017\/06\/flagge_CAN.png\" alt=\"\" width=\"19\" height=\"14\" class=\"alignnone size-full wp-image-9251\" \/><\/td>\n<\/tr>\n<tr class=\"row-16\">\n\t<td class=\"column-1\">18<\/td><td class=\"column-2\"><a href=\"https:\/\/www.etconline.de\/wp\/index.php\/2021\/02\/20\/samuel-vigneault\/\">Vigneault, Samuel<\/a><\/td><td class=\"column-3\">C<\/td><td class=\"column-4\">L<\/td><td class=\"column-5\">1995-11-07<\/td><td class=\"column-6\">196<\/td><td class=\"column-7\">92<\/td><td class=\"column-8\"><img decoding=\"async\" src=\"https:\/\/www.etconline.de\/wp\/wp-content\/uploads\/2017\/06\/flagge_CAN.png\" alt=\"\" width=\"19\" height=\"14\" class=\"alignnone size-full wp-image-9251\" \/><\/td>\n<\/tr>\n<tr class=\"row-17\">\n\t<td class=\"column-1\">19<\/td><td class=\"column-2\"><a href=\"https:\/\/www.etconline.de\/wp\/index.php\/2020\/11\/17\/lucas-boettcher\/\">B\u00f6ttcher, Lucas<\/a><\/td><td class=\"column-3\">F<\/td><td class=\"column-4\">R<\/td><td class=\"column-5\">2002-07-16<\/td><td class=\"column-6\">182<\/td><td class=\"column-7\">76<\/td><td class=\"column-8\"><img decoding=\"async\" src=\"https:\/\/www.etconline.de\/wp\/wp-content\/uploads\/2017\/06\/flagge_GER.png\" alt=\"\" width=\"19\" height=\"14\" class=\"alignnone size-full wp-image-9254\" \/><\/td>\n<\/tr>\n<tr class=\"row-18\">\n\t<td class=\"column-1\">21<\/td><td class=\"column-2\"><a href=\"https:\/\/www.etconline.de\/wp\/index.php\/2020\/12\/05\/travis-ewanyk\/\">Ewanyk, Travis<\/a><\/td><td class=\"column-3\">C<\/td><td class=\"column-4\">L<\/td><td class=\"column-5\">1993-03-29<\/td><td class=\"column-6\">186<\/td><td class=\"column-7\">90<\/td><td class=\"column-8\"><img decoding=\"async\" src=\"https:\/\/www.etconline.de\/wp\/wp-content\/uploads\/2017\/06\/flagge_GER.png\" alt=\"\" width=\"19\" height=\"14\" class=\"alignnone size-full wp-image-9254\" \/> <img decoding=\"async\" src=\"https:\/\/www.etconline.de\/wp\/wp-content\/uploads\/2017\/06\/flagge_CAN.png\" alt=\"\" width=\"19\" height=\"14\" class=\"alignnone size-full wp-image-9251\" \/><\/td>\n<\/tr>\n<tr class=\"row-19\">\n\t<td class=\"column-1\">22<\/td><td class=\"column-2\"><a href=\"https:\/\/www.etconline.de\/wp\/index.php\/2020\/08\/14\/scott-timmins\/\">Timmins, Scott<\/a><\/td><td class=\"column-3\">C<\/td><td class=\"column-4\">L<\/td><td class=\"column-5\">1989-09-11<\/td><td class=\"column-6\">180<\/td><td class=\"column-7\">87<\/td><td class=\"column-8\"><img decoding=\"async\" src=\"https:\/\/www.etconline.de\/wp\/wp-content\/uploads\/2017\/06\/flagge_CAN.png\" alt=\"\" width=\"19\" height=\"14\" class=\"alignnone size-full wp-image-9251\" \/><\/td>\n<\/tr>\n<tr class=\"row-20\">\n\t<td class=\"column-1\">23<\/td><td class=\"column-2\"><a href=\"https:\/\/www.etconline.de\/wp\/index.php\/2017\/09\/03\/willy-rudert\/\">Rudert, Willy<\/a><\/td><td class=\"column-3\">LW<\/td><td class=\"column-4\">L<\/td><td class=\"column-5\">2001-08-23<\/td><td class=\"column-6\">177<\/td><td class=\"column-7\">77<\/td><td class=\"column-8\"><img decoding=\"async\" src=\"https:\/\/www.etconline.de\/wp\/wp-content\/uploads\/2017\/06\/flagge_GER.png\" alt=\"\" width=\"19\" height=\"14\" class=\"alignnone size-full wp-image-9254\" \/><\/td>\n<\/tr>\n<tr class=\"row-21\">\n\t<td class=\"column-1\">26<\/td><td class=\"column-2\"><a href=\"https:\/\/www.etconline.de\/wp\/index.php\/2020\/06\/28\/timo-gams\/\">Gams, Timo<\/a><\/td><td class=\"column-3\">RW<\/td><td class=\"column-4\">R<\/td><td class=\"column-5\">1999-05-12<\/td><td class=\"column-6\">179<\/td><td class=\"column-7\">77<\/td><td class=\"column-8\"><img decoding=\"async\" src=\"https:\/\/www.etconline.de\/wp\/wp-content\/uploads\/2017\/06\/flagge_GER.png\" alt=\"\" width=\"19\" height=\"14\" class=\"alignnone size-full wp-image-9254\" \/><\/td>\n<\/tr>\n<tr class=\"row-22\">\n\t<td class=\"column-1\">28<\/td><td class=\"column-2\"><a href=\"https:\/\/www.etconline.de\/wp\/index.php\/2016\/11\/02\/patrick-pohl\/\">Pohl, Patrick<\/a><\/td><td class=\"column-3\">C\/LW<\/td><td class=\"column-4\">L<\/td><td class=\"column-5\">1990-01-08<\/td><td class=\"column-6\">181<\/td><td class=\"column-7\">80<\/td><td class=\"column-8\"><img decoding=\"async\" src=\"https:\/\/www.etconline.de\/wp\/wp-content\/uploads\/2017\/06\/flagge_GER.png\" alt=\"\" width=\"19\" height=\"14\" class=\"alignnone size-full wp-image-9254\" \/><\/td>\n<\/tr>\n<tr class=\"row-23\">\n\t<td class=\"column-1\">29<\/td><td class=\"column-2\"><a href=\"https:\/\/www.etconline.de\/wp\/index.php\/2020\/12\/05\/valentino-weissgerber\/\">Wei\u00dfgerber, Valentino<\/a><\/td><td class=\"column-3\">F<\/td><td class=\"column-4\">L<\/td><td class=\"column-5\">2003-10-31<\/td><td class=\"column-6\">187<\/td><td class=\"column-7\">87<\/td><td class=\"column-8\"><img decoding=\"async\" src=\"https:\/\/www.etconline.de\/wp\/wp-content\/uploads\/2017\/06\/flagge_GER.png\" alt=\"\" width=\"19\" height=\"14\" class=\"alignnone size-full wp-image-9254\" \/><\/td>\n<\/tr>\n<tr class=\"row-24\">\n\t<td class=\"column-1\">55<\/td><td class=\"column-2\"><a href=\"https:\/\/www.etconline.de\/wp\/index.php\/2020\/10\/28\/petr-pohl\/\">Pohl, Petr<\/a><\/td><td class=\"column-3\">RW<\/td><td class=\"column-4\">R<\/td><td class=\"column-5\">1987-08-28<\/td><td class=\"column-6\">181<\/td><td class=\"column-7\">88<\/td><td class=\"column-8\"><img decoding=\"async\" src=\"https:\/\/www.etconline.de\/wp\/wp-content\/uploads\/2017\/06\/flagge_GER.png\" alt=\"\" width=\"19\" height=\"14\" class=\"alignnone size-full wp-image-9254\" \/> <img decoding=\"async\" src=\"https:\/\/www.etconline.de\/wp\/wp-content\/uploads\/2017\/06\/flagge_CZE.png\" alt=\"\" width=\"19\" height=\"14\" class=\"alignnone size-full wp-image-9252\" \/><\/td>\n<\/tr>\n<tr class=\"row-25\">\n\t<td class=\"column-1\">57<\/td><td class=\"column-2\"><a href=\"https:\/\/www.etconline.de\/wp\/index.php\/2020\/11\/24\/daniel-weiss\/\">Wei\u00df, Daniel *<\/a><\/td><td class=\"column-3\">C\/LW<\/td><td class=\"column-4\">L<\/td><td class=\"column-5\">1990-02-22<\/td><td class=\"column-6\">185<\/td><td class=\"column-7\">94<\/td><td class=\"column-8\"><img decoding=\"async\" src=\"https:\/\/www.etconline.de\/wp\/wp-content\/uploads\/2017\/06\/flagge_GER.png\" alt=\"\" width=\"19\" height=\"14\" class=\"alignnone size-full wp-image-9254\" \/><\/td>\n<\/tr>\n<tr class=\"row-26\">\n\t<td class=\"column-1\">68<\/td><td class=\"column-2\"><a href=\"https:\/\/www.etconline.de\/wp\/index.php\/2018\/05\/04\/marius-demmler\/\">Demmler, Marius<\/a><\/td><td class=\"column-3\">F<\/td><td class=\"column-4\">L<\/td><td class=\"column-5\">1999-10-21<\/td><td class=\"column-6\">180<\/td><td class=\"column-7\">75<\/td><td class=\"column-8\"><img decoding=\"async\" src=\"https:\/\/www.etconline.de\/wp\/wp-content\/uploads\/2017\/06\/flagge_GER.png\" alt=\"\" width=\"19\" height=\"14\" class=\"alignnone size-full wp-image-9254\" \/><\/td>\n<\/tr>\n<tr class=\"row-27\">\n\t<td class=\"column-1\">86<\/td><td class=\"column-2\"><a href=\"https:\/\/www.etconline.de\/wp\/index.php\/2020\/11\/17\/lukas-lenk\/\">Lenk, Lukas<\/a><\/td><td class=\"column-3\">F<\/td><td class=\"column-4\">R<\/td><td class=\"column-5\">1997-02-22<\/td><td class=\"column-6\">174<\/td><td class=\"column-7\">72<\/td><td class=\"column-8\"><img decoding=\"async\" src=\"https:\/\/www.etconline.de\/wp\/wp-content\/uploads\/2017\/06\/flagge_GER.png\" alt=\"\" width=\"19\" height=\"14\" class=\"alignnone size-full wp-image-9254\" \/><\/td>\n<\/tr>\n<tr class=\"row-28\">\n\t<td class=\"column-1\">93<\/td><td class=\"column-2\"><a href=\"https:\/\/www.etconline.de\/wp\/index.php\/2019\/09\/13\/lukas-vantuch\/\">Vantuch, Lukas<\/a><\/td><td class=\"column-3\">C\/LW<\/td><td class=\"column-4\">L<\/td><td class=\"column-5\">1987-07-20<\/td><td class=\"column-6\">196<\/td><td class=\"column-7\">104<\/td><td class=\"column-8\"><img decoding=\"async\" src=\"https:\/\/www.etconline.de\/wp\/wp-content\/uploads\/2017\/06\/flagge_CZE.png\" alt=\"\" width=\"19\" height=\"14\" class=\"alignnone size-full wp-image-9252\" \/><\/td>\n<\/tr>\n<\/tbody>\n<tfoot>\n<tr class=\"row-29\">\n\t<td class=\"column-1\"><\/td><th class=\"column-2\">Durchschnitt:<\/th><td class=\"column-3\"><\/td><td class=\"column-4\"><\/td><th class=\"column-5\">1993-12-19<\/th><th class=\"column-6\">183<\/th><th class=\"column-7\">86<\/th><td class=\"column-8\"><\/td>\n<\/tr>\n<\/tfoot>\n<\/table>\n<span id=\"tablepress-1-ka-202021-description\" class=\"tablepress-table-description tablepress-table-description-id-1-ka-202021\">Stand: 04.12.2025<br \/>\nPos. = Position, Ha. = Spieler: Stock-\/Schusshand; Goalie: Fanghand, Geb.datum = Geburtsdatum Jahr-Monat-Tag, Gr. = Gr\u00f6\u00dfe in cm, Gew. = Gewicht in kg, Nat.= Nationalit\u00e4t<\/span>\n<!-- #tablepress-1-ka-202021 from cache -->\n<\/p>\n<div class=\"table-1\">\n<table width=\"100%\">\n<thead>\n<tr>\n<th align=\"left\">Team Staff<\/th>\n<th align=\"left\">Geb.datum<\/th>\n<th align=\"left\">Nationalit\u00e4t<\/th>\n<\/tr>\n<\/thead>\n<tbody>\n<tr>\n<td align=\"left\">Headchoach: <a href=\"https:\/\/wp.etconline.de\/index.php\/2020\/06\/07\/mario-richer\/\">Mario Richer<\/a><\/td>\n<td align=\"left\">23.04.1965<\/td>\n<td align=\"left\"><img decoding=\"async\" class=\"alignnone wp-image-9251 size-full\" src=\"https:\/\/wp.etconline.de\/wp-content\/uploads\/2017\/06\/flagge_CAN.png\" alt=\"\" width=\"19\" height=\"14\" \/><\/td>\n<\/tr>\n<tr>\n<td align=\"left\">Co-Trainer: &#8211;<\/td>\n<td align=\"left\">&#8211;<\/td>\n<td align=\"left\">&#8211;<\/td>\n<\/tr>\n<\/tbody>\n<\/table>\n<\/div>\n<p>\n<p><strong>Zug\u00e4nge:<\/strong><br \/>\n<a href=\"https:\/\/wp.etconline.de\/index.php\/2017\/09\/03\/willy-rudert\/\">Willy Rudert<\/a> &#8211; HC Vantaa (3.Liga FIN)<br \/>\n<a href=\"https:\/\/wp.etconline.de\/index.php\/2020\/06\/07\/mario-scalzo\/\">Mario Scalzo<\/a> &#8211; EC Kassel Huskies (DEL2)<br \/>\n<a href=\"https:\/\/wp.etconline.de\/index.php\/2020\/06\/09\/mathieu-lemay\/\">Mathieu Lemay<\/a> &#8211; Sterzing Broncos (Alps Hockey League)<br \/>\n<a href=\"https:\/\/wp.etconline.de\/index.php\/2020\/06\/14\/moritz-schug\/\">Moritz Schug<\/a> &#8211; Saale Bulls Halle (Oberliga Nord)<br \/>\n<a href=\"https:\/\/wp.etconline.de\/index.php\/2020\/06\/28\/timo-gams\/\">Timo Gams<\/a> &#8211; Ravensburg Towerstars (DEL2)<br \/>\n<a href=\"https:\/\/wp.etconline.de\/index.php\/2020\/08\/14\/kelly-summers\/\">Kelly Summers<\/a> &#8211; Adirondack Thunder (ECHL)<br \/>\n<a href=\"https:\/\/wp.etconline.de\/index.php\/2020\/08\/14\/scott-timmins\/\">Scott Timmins<\/a> &#8211; <span class=\"value\">Feh\u00e9rv\u00e1r AV19 SC<\/span> (EBEL)<br \/>\n<a href=\"https:\/\/wp.etconline.de\/index.php\/2020\/10\/28\/petr-pohl\/\">Petr Pohl<\/a> &#8211; Dresdner Eisl\u00f6wen (DEL2)<br \/>\n<a href=\"https:\/\/wp.etconline.de\/index.php\/2020\/11\/17\/lukas-lenk\/\">Lukas Lenk<\/a> &#8211; Sch\u00f6nheider W\u00f6lfe (Regionalliga Ost) &#8211; Tryout<br \/>\n<a href=\"https:\/\/wp.etconline.de\/index.php\/2020\/11\/17\/lucas-boettcher\/\">Lucas B\u00f6ttcher<\/a> &#8211; ESV 03 Chemnitz (DNL3) &#8211; F\u00f6rderlizenz<\/p>\n<p><em>w\u00e4hrend der Saison 2020\/21:<\/em><br \/>\n<a href=\"https:\/\/wp.etconline.de\/index.php\/2020\/11\/24\/daniel-weiss\/\">Daniel Wei\u00df<\/a> &#8211; Iserlohn Roosters (DEL)<br \/>\n<a href=\"https:\/\/wp.etconline.de\/index.php\/2020\/12\/05\/travis-ewanyk\/\">Travis Ewanyk<\/a> &#8211; Krefeld Pinguine (DEL)<br \/>\n<a href=\"https:\/\/wp.etconline.de\/index.php\/2020\/12\/05\/niklas-heyer\/\">Niklas Heyer<\/a> &#8211; Herner EV (Oberliga Nord)<br \/>\n<a href=\"https:\/\/wp.etconline.de\/index.php\/2020\/12\/05\/valentino-weissgerber\/\">Valentino Wei\u00dfgerber<\/a> &#8211; K\u00f6lner Junghaie (DNL)<br \/>\n<a href=\"https:\/\/wp.etconline.de\/index.php\/2021\/01\/18\/ilya-andryukhov\/\">Ilya Andryukhov<\/a> &#8211; Arlan Kokshetau (1.Liga KAZ)<br \/>\n<a href=\"https:\/\/wp.etconline.de\/index.php\/2021\/02\/20\/samuel-vigneault\/\">Samuel Vigneault<\/a> &#8211; Laval Rocket (AHL)<\/p>\n<p><strong>Abg\u00e4nge:<\/strong><strong><br \/>\n<\/strong><a href=\"https:\/\/wp.etconline.de\/index.php\/2019\/08\/07\/hagen-kaisler\/\">Hagen Kaisler<\/a> &#8211; EHC Freiburg (DEL2)<br \/>\n<a href=\"https:\/\/wp.etconline.de\/index.php\/2020\/02\/03\/patrik-cerveny\/\">Patrik Cerveny<\/a> &#8211; Schwenninger Wild Wings (DEL)<br \/>\n<a href=\"https:\/\/wp.etconline.de\/index.php\/2019\/11\/01\/mitch-wahl\/\">Mitch Wahl<\/a> &#8211; Fischtown Pinguins Bremerhaven (DEL)<br \/>\n<a href=\"https:\/\/wp.etconline.de\/index.php\/2019\/07\/17\/david-kuchejda\/\">David Kuchejda<\/a> &#8211; Deggendorfer SC (Oberliga S\u00fcd)<br \/>\n<a href=\"https:\/\/wp.etconline.de\/index.php\/2018\/10\/16\/christoph-koerner\/\">Christoph K\u00f6rner<\/a> &#8211; EC Bad Nauheim (DEL2)<br \/>\n<a href=\"https:\/\/wp.etconline.de\/index.php\/2017\/06\/18\/ty-wishart\/\">Ty Wishart<\/a> &#8211; SC Cs\u00edkszereda (1.Liga ROM)<br \/>\n<a href=\"https:\/\/wp.etconline.de\/index.php\/2019\/08\/22\/austin-fyten\/\">Austin Fyten<\/a> &#8211; Wheeling Nailers (ECHL)<br \/>\n<a href=\"https:\/\/wp.etconline.de\/index.php\/2019\/07\/25\/alexander-wideman\/\">Alexander Wideman<\/a> &#8211; Rungsted Seier Capital (1.Liga DEN)<br \/>\n<a href=\"https:\/\/wp.etconline.de\/index.php\/2019\/02\/01\/adrian-grygiel\/\">Adrian Grygiel<\/a> -Krefelder EV 81 (Oberliga Nord)<br \/>\n<a href=\"https:\/\/wp.etconline.de\/index.php\/2016\/11\/01\/philipp-halbauer\/\">Philipp Halbauer<\/a> &#8211; EG Diez-Limburg (Oberliga Nord)<\/p>\n<p style=\"text-align: left;\"><strong>*<\/strong><em> w\u00e4hrend der Saison 2020\/21:<\/em><br \/>\n<a href=\"https:\/\/wp.etconline.de\/index.php\/2020\/06\/14\/moritz-schug\/\">Moritz Schug<\/a> &#8211; Bayreuth Tigers (DEL2)<br \/>\n<a href=\"https:\/\/wp.etconline.de\/index.php\/2020\/11\/24\/daniel-weiss\/\">Daniel Wei\u00df<\/a> &#8211; Schwenninger Wild Wings (DEL)<\/p>\n<p><span style=\"color: #999999;\">Foto: &#8211;<\/span><\/p>\n","protected":false},"excerpt":{"rendered":"<p>Zug\u00e4nge: Willy Rudert &#8211; HC Vantaa (3.Liga FIN) Mario Scalzo &#8211; EC Kassel Huskies (DEL2) Mathieu Lemay &#8211; Sterzing Broncos (Alps Hockey League) Moritz Schug &#8211; Saale Bulls Halle (Oberliga Nord) Timo Gams &#8211; Ravensburg Towerstars (DEL2) Kelly Summers &#8211; Adirondack Thunder (ECHL) Scott Timmins &#8211; Feh\u00e9rv\u00e1r AV19 SC (EBEL) Petr Pohl &#8211; Dresdner Eisl\u00f6wen (DEL2) Lukas Lenk &#8211; Sch\u00f6nheider W\u00f6lfe (Regionalliga Ost) &#8211; Tryout Lucas B\u00f6ttcher &#8211; ESV 03 Chemnitz (DNL3) &#8211; F\u00f6rderlizenz w\u00e4hrend der Saison 2020\/21: Daniel Wei\u00df &#8211; Iserlohn Roosters (DEL) Travis Ewanyk &#8211; Krefeld Pinguine (DEL) Niklas Heyer &#8211; Herner EV (Oberliga Nord) Valentino Wei\u00dfgerber &#8211;  [&#8230;]<\/p>\n","protected":false},"author":2,"featured_media":0,"parent":18715,"menu_order":0,"comment_status":"closed","ping_status":"closed","template":"","meta":{"rop_custom_images_group":[],"rop_custom_messages_group":[],"rop_publish_now":"initial","rop_publish_now_accounts":[],"rop_publish_now_history":[],"rop_publish_now_status":"pending","footnotes":""},"class_list":["post-18717","page","type-page","status-publish","hentry"],"_links":{"self":[{"href":"https:\/\/www.etconline.de\/wp\/index.php\/wp-json\/wp\/v2\/pages\/18717","targetHints":{"allow":["GET"]}}],"collection":[{"href":"https:\/\/www.etconline.de\/wp\/index.php\/wp-json\/wp\/v2\/pages"}],"about":[{"href":"https:\/\/www.etconline.de\/wp\/index.php\/wp-json\/wp\/v2\/types\/page"}],"author":[{"embeddable":true,"href":"https:\/\/www.etconline.de\/wp\/index.php\/wp-json\/wp\/v2\/users\/2"}],"replies":[{"embeddable":true,"href":"https:\/\/www.etconline.de\/wp\/index.php\/wp-json\/wp\/v2\/comments?post=18717"}],"version-history":[{"count":36,"href":"https:\/\/www.etconline.de\/wp\/index.php\/wp-json\/wp\/v2\/pages\/18717\/revisions"}],"predecessor-version":[{"id":33036,"href":"https:\/\/www.etconline.de\/wp\/index.php\/wp-json\/wp\/v2\/pages\/18717\/revisions\/33036"}],"up":[{"embeddable":true,"href":"https:\/\/www.etconline.de\/wp\/index.php\/wp-json\/wp\/v2\/pages\/18715"}],"wp:attachment":[{"href":"https:\/\/www.etconline.de\/wp\/index.php\/wp-json\/wp\/v2\/media?parent=18717"}],"curies":[{"name":"wp","href":"https:\/\/api.w.org\/{rel}","templated":true}]}}