 {"id":25064,"date":"2022-01-16T15:00:10","date_gmt":"2022-01-16T14:00:10","guid":{"rendered":"https:\/\/www.etconline.de\/wp\/?page_id=25064"},"modified":"2022-01-16T15:00:10","modified_gmt":"2022-01-16T14:00:10","slug":"mannschaft-2001-02","status":"publish","type":"page","link":"https:\/\/www.etconline.de\/wp\/index.php\/history\/saisonrueckblicke\/saison-2001-02-2-bundesliga\/mannschaft-2001-02\/","title":{"rendered":"Mannschaft 2001\/02"},"content":{"rendered":"<p>&nbsp;<\/p>\n<div class=\"fusion-table table-1\">\n<table width=\"100%\">\n<tbody>\n<tr style=\"height: 56px;\">\n<td style=\"text-align: center; width: 32px; height: 56px;\">\n<pre><strong>Nr.<\/strong><\/pre>\n<\/td>\n<td style=\"text-align: left; width: 172px; height: 56px;\">\n<pre><strong>Name<\/strong><\/pre>\n<\/td>\n<td style=\"text-align: center; width: 71px; height: 56px;\">\n<pre><strong>Pos.<\/strong><\/pre>\n<\/td>\n<td style=\"text-align: center; width: 10px; height: 56px;\">\n<pre><strong>Hand<\/strong><\/pre>\n<\/td>\n<td style=\"text-align: center; width: 63px; height: 56px;\">\n<pre><strong>Gr\u00f6\u00dfe<\/strong><\/pre>\n<\/td>\n<td style=\"text-align: center; width: 74px; height: 56px;\">\n<pre><strong>Gewicht<\/strong><\/pre>\n<\/td>\n<td style=\"text-align: center; width: 137px; height: 56px;\">\n<pre><strong> Geb.datum<\/strong><\/pre>\n<\/td>\n<td style=\"text-align: center; width: 10px; height: 56px;\">\n<pre><strong>Land<\/strong><\/pre>\n<\/td>\n<\/tr>\n<tr style=\"height: 24px;\">\n<td style=\"text-align: center; width: 32px; height: 24px;\"><\/td>\n<td style=\"text-align: left; width: 172px; height: 24px;\"><\/td>\n<td style=\"text-align: center; width: 71px; height: 24px;\"><\/td>\n<td style=\"text-align: center; width: 10px; height: 24px;\"><\/td>\n<td style=\"text-align: center; width: 63px; height: 24px;\"><\/td>\n<td style=\"text-align: center; width: 74px; height: 24px;\"><\/td>\n<td style=\"text-align: center; width: 137px; height: 24px;\"><\/td>\n<td style=\"text-align: center; width: 10px; height: 24px;\"><\/td>\n<\/tr>\n<tr style=\"height: 24px;\">\n<td style=\"text-align: center; width: 32px; height: 24px;\"><\/td>\n<td style=\"text-align: left; width: 172px; height: 24px;\"><\/td>\n<td style=\"text-align: center; width: 71px; height: 24px;\"><\/td>\n<td style=\"text-align: center; width: 10px; height: 24px;\"><\/td>\n<td style=\"text-align: center; width: 63px; height: 24px;\"><\/td>\n<td style=\"text-align: center; width: 74px; height: 24px;\"><\/td>\n<td style=\"text-align: center; width: 137px; height: 24px;\"><\/td>\n<td style=\"text-align: center; width: 10px; height: 24px;\"><\/td>\n<\/tr>\n<tr style=\"height: 24px;\">\n<td style=\"text-align: center; width: 32px; height: 24px;\"><\/td>\n<td style=\"text-align: left; width: 172px; height: 24px;\"><\/td>\n<td style=\"text-align: center; width: 71px; height: 24px;\"><\/td>\n<td style=\"text-align: center; width: 10px; height: 24px;\"><\/td>\n<td style=\"text-align: center; width: 63px; height: 24px;\"><\/td>\n<td style=\"text-align: center; width: 74px; height: 24px;\"><\/td>\n<td style=\"text-align: center; width: 137px; height: 24px;\"><\/td>\n<td style=\"text-align: center; width: 10px; height: 24px;\"><\/td>\n<\/tr>\n<tr style=\"height: 18px;\">\n<td style=\"text-align: center; width: 569px; height: 18px;\" colspan=\"8\">\n<hr \/>\n<\/td>\n<\/tr>\n<tr style=\"height: 24px;\">\n<td style=\"text-align: center; width: 32px; height: 24px;\"><\/td>\n<td style=\"text-align: left; width: 172px; height: 24px;\"><\/td>\n<td style=\"text-align: center; width: 71px; height: 24px;\"><\/td>\n<td style=\"text-align: center; width: 10px; height: 24px;\"><\/td>\n<td style=\"text-align: center; width: 63px; height: 24px;\"><\/td>\n<td style=\"text-align: center; width: 74px; height: 24px;\"><\/td>\n<td style=\"text-align: center; width: 137px; height: 24px;\"><\/td>\n<td style=\"text-align: center; width: 10px; height: 24px;\"><\/td>\n<\/tr>\n<tr style=\"height: 24px;\">\n<td style=\"text-align: center; width: 32px; height: 24px;\"><\/td>\n<td style=\"text-align: left; width: 172px; height: 24px;\"><\/td>\n<td style=\"text-align: center; width: 71px; height: 24px;\"><\/td>\n<td style=\"text-align: center; width: 10px; height: 24px;\"><\/td>\n<td style=\"text-align: center; width: 63px; height: 24px;\"><\/td>\n<td style=\"text-align: center; width: 74px; height: 24px;\"><\/td>\n<td style=\"text-align: center; width: 137px; height: 24px;\"><\/td>\n<td style=\"text-align: center; width: 10px; height: 24px;\"><\/td>\n<\/tr>\n<tr style=\"height: 24px;\">\n<td style=\"text-align: center; width: 32px; height: 24px;\"><\/td>\n<td style=\"text-align: left; width: 172px; height: 24px;\"><\/td>\n<td style=\"text-align: center; width: 71px; height: 24px;\"><\/td>\n<td style=\"text-align: center; width: 10px; height: 24px;\"><\/td>\n<td style=\"text-align: center; width: 63px; height: 24px;\"><\/td>\n<td style=\"text-align: center; width: 74px; height: 24px;\"><\/td>\n<td style=\"text-align: center; width: 137px; height: 24px;\"><\/td>\n<td style=\"text-align: center; width: 10px; height: 24px;\"><\/td>\n<\/tr>\n<tr style=\"height: 24px;\">\n<td style=\"text-align: center; width: 32px; height: 24px;\"><\/td>\n<td style=\"text-align: left; width: 172px; height: 24px;\"><\/td>\n<td style=\"text-align: center; width: 71px; height: 24px;\"><\/td>\n<td style=\"text-align: center; width: 10px; height: 24px;\"><\/td>\n<td style=\"text-align: center; width: 63px; height: 24px;\"><\/td>\n<td style=\"text-align: center; width: 74px; height: 24px;\"><\/td>\n<td style=\"text-align: center; width: 137px; height: 24px;\"><\/td>\n<td style=\"text-align: center; width: 10px; height: 24px;\"><\/td>\n<\/tr>\n<tr style=\"height: 24px;\">\n<td style=\"text-align: center; width: 32px; height: 24px;\"><\/td>\n<td style=\"text-align: left; width: 172px; height: 24px;\"><\/td>\n<td style=\"text-align: center; width: 71px; height: 24px;\"><\/td>\n<td style=\"text-align: center; width: 10px; height: 24px;\"><\/td>\n<td style=\"text-align: center; width: 63px; height: 24px;\"><\/td>\n<td style=\"text-align: center; width: 74px; height: 24px;\"><\/td>\n<td style=\"text-align: center; width: 137px; height: 24px;\"><\/td>\n<td style=\"text-align: center; width: 10px; height: 24px;\"><\/td>\n<\/tr>\n<tr style=\"height: 24px;\">\n<td style=\"text-align: center; width: 32px; height: 24px;\"><\/td>\n<td style=\"text-align: left; width: 172px; height: 24px;\"><\/td>\n<td style=\"text-align: center; width: 71px; height: 24px;\"><\/td>\n<td style=\"text-align: center; width: 10px; height: 24px;\"><\/td>\n<td style=\"text-align: center; width: 63px; height: 24px;\"><\/td>\n<td style=\"text-align: center; width: 74px; height: 24px;\"><\/td>\n<td style=\"text-align: center; width: 137px; height: 24px;\"><\/td>\n<td style=\"text-align: center; width: 10px; height: 24px;\"><\/td>\n<\/tr>\n<tr style=\"height: 24px;\">\n<td style=\"text-align: center; width: 32px; height: 24px;\"><\/td>\n<td style=\"text-align: left; width: 172px; height: 24px;\"><\/td>\n<td style=\"text-align: center; width: 71px; height: 24px;\"><\/td>\n<td style=\"text-align: center; width: 10px; height: 24px;\"><\/td>\n<td style=\"text-align: center; width: 63px; height: 24px;\"><\/td>\n<td style=\"text-align: center; width: 74px; height: 24px;\"><\/td>\n<td style=\"text-align: center; width: 137px; height: 24px;\"><\/td>\n<td style=\"text-align: center; width: 10px; height: 24px;\"><\/td>\n<\/tr>\n<tr style=\"height: 24px;\">\n<td style=\"text-align: center; width: 32px; height: 24px;\"><\/td>\n<td style=\"text-align: left; width: 172px; height: 24px;\"><\/td>\n<td style=\"text-align: center; width: 71px; height: 24px;\"><\/td>\n<td style=\"text-align: center; width: 10px; height: 24px;\"><\/td>\n<td style=\"text-align: center; width: 63px; height: 24px;\"><\/td>\n<td style=\"text-align: center; width: 74px; height: 24px;\"><\/td>\n<td style=\"text-align: center; width: 137px; height: 24px;\"><\/td>\n<td style=\"text-align: center; width: 10px; height: 24px;\"><\/td>\n<\/tr>\n<tr style=\"height: 24px;\">\n<td style=\"text-align: center; width: 32px; height: 24px;\"><\/td>\n<td style=\"text-align: left; width: 172px; height: 24px;\"><\/td>\n<td style=\"text-align: center; width: 71px; height: 24px;\"><\/td>\n<td style=\"text-align: center; width: 10px; height: 24px;\"><\/td>\n<td style=\"text-align: center; width: 63px; height: 24px;\"><\/td>\n<td style=\"text-align: center; width: 74px; height: 24px;\"><\/td>\n<td style=\"text-align: center; width: 137px; height: 24px;\"><\/td>\n<td style=\"text-align: center; width: 10px; height: 24px;\"><\/td>\n<\/tr>\n<tr style=\"height: 18px;\">\n<td style=\"text-align: center; width: 569px; height: 18px;\" colspan=\"8\">\n<hr \/>\n<\/td>\n<\/tr>\n<tr style=\"height: 24px;\">\n<td style=\"text-align: center; width: 32px; height: 24px;\"><\/td>\n<td style=\"text-align: left; width: 172px; height: 24px;\"><\/td>\n<td style=\"text-align: center; width: 71px; height: 24px;\"><\/td>\n<td style=\"text-align: center; width: 10px; height: 24px;\"><\/td>\n<td style=\"text-align: center; width: 63px; height: 24px;\"><\/td>\n<td style=\"text-align: center; width: 74px; height: 24px;\"><\/td>\n<td style=\"text-align: center; width: 137px; height: 24px;\"><\/td>\n<td style=\"text-align: center; width: 10px; height: 24px;\"><\/td>\n<\/tr>\n<tr style=\"height: 24px;\">\n<td style=\"text-align: center; width: 32px; height: 24px;\"><\/td>\n<td style=\"text-align: left; width: 172px; height: 24px;\"><\/td>\n<td style=\"text-align: center; width: 71px; height: 24px;\"><\/td>\n<td style=\"text-align: center; width: 10px; height: 24px;\"><\/td>\n<td style=\"text-align: center; width: 63px; height: 24px;\"><\/td>\n<td style=\"text-align: center; width: 74px; height: 24px;\"><\/td>\n<td style=\"text-align: center; width: 137px; height: 24px;\"><\/td>\n<td style=\"text-align: center; width: 10px; height: 24px;\"><\/td>\n<\/tr>\n<tr style=\"height: 24px;\">\n<td style=\"text-align: center; width: 32px; height: 24px;\"><\/td>\n<td style=\"text-align: left; width: 172px; height: 24px;\"><\/td>\n<td style=\"text-align: center; width: 71px; height: 24px;\"><\/td>\n<td style=\"text-align: center; width: 10px; height: 24px;\"><\/td>\n<td style=\"text-align: center; width: 63px; height: 24px;\"><\/td>\n<td style=\"text-align: center; width: 74px; height: 24px;\"><\/td>\n<td style=\"text-align: center; width: 137px; height: 24px;\"><\/td>\n<td style=\"text-align: center; width: 10px; height: 24px;\"><\/td>\n<\/tr>\n<tr style=\"height: 24px;\">\n<td style=\"text-align: center; width: 32px; height: 24px;\"><\/td>\n<td style=\"text-align: left; width: 172px; height: 24px;\"><\/td>\n<td style=\"text-align: center; width: 71px; height: 24px;\"><\/td>\n<td style=\"text-align: center; width: 10px; height: 24px;\"><\/td>\n<td style=\"text-align: center; width: 63px; height: 24px;\"><\/td>\n<td style=\"text-align: center; width: 74px; height: 24px;\"><\/td>\n<td style=\"text-align: center; width: 137px; height: 24px;\"><\/td>\n<td style=\"text-align: center; width: 10px; height: 24px;\"><\/td>\n<\/tr>\n<tr style=\"height: 24px;\">\n<td style=\"text-align: center; width: 32px; height: 24px;\"><\/td>\n<td style=\"text-align: left; width: 172px; height: 24px;\"><\/td>\n<td style=\"text-align: center; width: 71px; height: 24px;\"><\/td>\n<td style=\"text-align: center; width: 10px; height: 24px;\"><\/td>\n<td style=\"text-align: center; width: 63px; height: 24px;\"><\/td>\n<td style=\"text-align: center; width: 74px; height: 24px;\"><\/td>\n<td style=\"text-align: center; width: 137px; height: 24px;\"><\/td>\n<td style=\"text-align: center; width: 10px; height: 24px;\"><\/td>\n<\/tr>\n<tr style=\"height: 24px;\">\n<td style=\"text-align: center; width: 32px; height: 24px;\"><\/td>\n<td style=\"text-align: left; width: 172px; height: 24px;\"><\/td>\n<td style=\"text-align: center; width: 71px; height: 24px;\"><\/td>\n<td style=\"text-align: center; width: 10px; height: 24px;\"><\/td>\n<td style=\"text-align: center; width: 63px; height: 24px;\"><\/td>\n<td style=\"text-align: center; width: 74px; height: 24px;\"><\/td>\n<td style=\"text-align: center; width: 137px; height: 24px;\"><\/td>\n<td style=\"text-align: center; width: 10px; height: 24px;\"><\/td>\n<\/tr>\n<tr style=\"height: 24px;\">\n<td style=\"text-align: center; width: 32px; height: 24px;\"><\/td>\n<td style=\"text-align: left; width: 172px; height: 24px;\"><\/td>\n<td style=\"text-align: center; width: 71px; height: 24px;\"><\/td>\n<td style=\"text-align: center; width: 10px; height: 24px;\"><\/td>\n<td style=\"text-align: center; width: 63px; height: 24px;\"><\/td>\n<td style=\"text-align: center; width: 74px; height: 24px;\"><\/td>\n<td style=\"text-align: center; width: 137px; height: 24px;\"><\/td>\n<td style=\"text-align: center; width: 10px; height: 24px;\"><\/td>\n<\/tr>\n<tr style=\"height: 24px;\">\n<td style=\"text-align: center; width: 32px; height: 24px;\"><\/td>\n<td style=\"text-align: left; width: 172px; height: 24px;\"><\/td>\n<td style=\"text-align: center; width: 71px; height: 24px;\"><\/td>\n<td style=\"text-align: center; width: 10px; height: 24px;\"><\/td>\n<td style=\"text-align: center; width: 63px; height: 24px;\"><\/td>\n<td style=\"text-align: center; width: 74px; height: 24px;\"><\/td>\n<td style=\"text-align: center; width: 137px; height: 24px;\"><\/td>\n<td style=\"text-align: center; width: 10px; height: 24px;\"><\/td>\n<\/tr>\n<tr style=\"height: 24px;\">\n<td style=\"text-align: center; width: 32px; height: 24px;\"><\/td>\n<td style=\"text-align: left; width: 172px; height: 24px;\"><\/td>\n<td style=\"text-align: center; width: 71px; height: 24px;\"><\/td>\n<td style=\"text-align: center; width: 10px; height: 24px;\"><\/td>\n<td style=\"text-align: center; width: 63px; height: 24px;\"><\/td>\n<td style=\"text-align: center; width: 74px; height: 24px;\"><\/td>\n<td style=\"text-align: center; width: 137px; height: 24px;\"><\/td>\n<td style=\"text-align: center; width: 10px; height: 24px;\"><\/td>\n<\/tr>\n<tr style=\"height: 24px;\">\n<td style=\"text-align: center; width: 32px; height: 24px;\"><\/td>\n<td style=\"text-align: left; width: 172px; height: 24px;\"><\/td>\n<td style=\"text-align: center; width: 71px; height: 24px;\"><\/td>\n<td style=\"text-align: center; width: 10px; height: 24px;\"><\/td>\n<td style=\"text-align: center; width: 63px; height: 24px;\"><\/td>\n<td style=\"text-align: center; width: 74px; height: 24px;\"><\/td>\n<td style=\"text-align: center; width: 137px; height: 24px;\"><\/td>\n<td style=\"text-align: center; width: 10px; height: 24px;\"><\/td>\n<\/tr>\n<tr style=\"height: 24px;\">\n<td style=\"text-align: center; width: 32px; height: 24px;\"><\/td>\n<td style=\"text-align: left; width: 172px; height: 24px;\"><\/td>\n<td style=\"text-align: center; width: 71px; height: 24px;\"><\/td>\n<td style=\"text-align: center; width: 10px; height: 24px;\"><\/td>\n<td style=\"text-align: center; width: 63px; height: 24px;\"><\/td>\n<td style=\"text-align: center; width: 74px; height: 24px;\"><\/td>\n<td style=\"text-align: center; width: 137px; height: 24px;\"><\/td>\n<td style=\"text-align: center; width: 10px; height: 24px;\"><\/td>\n<\/tr>\n<tr style=\"height: 24px;\">\n<td style=\"text-align: center; width: 32px; height: 24px;\"><\/td>\n<td style=\"text-align: left; width: 172px; height: 24px;\"><\/td>\n<td style=\"text-align: center; width: 71px; height: 24px;\"><\/td>\n<td style=\"text-align: center; width: 10px; height: 24px;\"><\/td>\n<td style=\"text-align: center; width: 63px; height: 24px;\"><\/td>\n<td style=\"text-align: center; width: 74px; height: 24px;\"><\/td>\n<td style=\"text-align: center; width: 137px; height: 24px;\"><\/td>\n<td style=\"text-align: center; width: 10px; height: 24px;\"><\/td>\n<\/tr>\n<tr style=\"height: 24px;\">\n<td style=\"text-align: center; width: 32px; height: 24px;\"><\/td>\n<td style=\"text-align: left; width: 172px; height: 24px;\"><\/td>\n<td style=\"text-align: center; width: 71px; height: 24px;\"><\/td>\n<td style=\"text-align: center; width: 10px; height: 24px;\"><\/td>\n<td style=\"text-align: center; width: 63px; height: 24px;\"><\/td>\n<td style=\"text-align: center; width: 74px; height: 24px;\"><\/td>\n<td style=\"text-align: center; width: 137px; height: 24px;\"><\/td>\n<td style=\"text-align: center; width: 10px; height: 24px;\"><\/td>\n<\/tr>\n<tr style=\"height: 24px;\">\n<td style=\"text-align: center; width: 32px; height: 24px;\"><\/td>\n<td style=\"text-align: left; width: 172px; height: 24px;\"><\/td>\n<td style=\"text-align: center; width: 71px; height: 24px;\"><\/td>\n<td style=\"text-align: center; width: 10px; height: 24px;\"><\/td>\n<td style=\"text-align: center; width: 63px; height: 24px;\"><\/td>\n<td style=\"text-align: center; width: 74px; height: 24px;\"><\/td>\n<td style=\"text-align: center; width: 137px; height: 24px;\"><\/td>\n<td style=\"text-align: center; width: 10px; height: 24px;\"><\/td>\n<\/tr>\n<tr style=\"height: 18px;\">\n<td style=\"text-align: center; width: 569px; height: 18px;\" colspan=\"8\">\n<hr \/>\n<\/td>\n<\/tr>\n<tr style=\"height: 24px;\">\n<td style=\"width: 422px; height: 24px;\" colspan=\"6\">Trainer: X<\/td>\n<td style=\"text-align: center; width: 137px; height: 24px;\"><\/td>\n<td style=\"text-align: center; width: 10px; height: 24px;\"><\/td>\n<\/tr>\n<tr style=\"height: 24px;\">\n<td style=\"width: 422px; height: 24px;\" colspan=\"6\">Co-Trainer: X<\/td>\n<td style=\"text-align: center; width: 137px; height: 24px;\"><\/td>\n<td style=\"text-align: center; width: 10px; height: 24px;\"><\/td>\n<\/tr>\n<tr style=\"height: 24px;\">\n<td style=\"width: 422px; height: 24px;\" colspan=\"6\">Co-Trainer: X<\/td>\n<td style=\"text-align: center; width: 137px; height: 24px;\"><\/td>\n<td style=\"text-align: center; width: 10px; height: 24px;\"><\/td>\n<\/tr>\n<\/tbody>\n<\/table>\n<p><strong>Zug\u00e4nge:<\/strong><br \/>\nX<\/p>\n<\/div>\n<p><em>w\u00e4hrend der Saison 2001\/02:<br \/>\n<\/em>X<\/p>\n<p><strong>Abg\u00e4nge:<\/strong><strong><br \/>\n<\/strong>X<\/p>\n<p style=\"text-align: left;\"><strong>*<\/strong><em> w\u00e4hrend der Saison 2001\/02:<br \/>\n<\/em>X<\/p>\n<p><span style=\"color: #999999;\">Foto: &#8211;<\/span><\/p>\n","protected":false},"excerpt":{"rendered":"<p>&nbsp; Nr. Name Pos. Hand Gr\u00f6\u00dfe Gewicht Geb.datum Land Trainer: X Co-Trainer: X Co-Trainer: X Zug\u00e4nge: X w\u00e4hrend der Saison 2001\/02: X Abg\u00e4nge: X * w\u00e4hrend der Saison 2001\/02: X Foto: &#8211;<\/p>\n","protected":false},"author":2,"featured_media":0,"parent":13361,"menu_order":0,"comment_status":"closed","ping_status":"closed","template":"","meta":{"rop_custom_images_group":[],"rop_custom_messages_group":[],"rop_publish_now":"initial","rop_publish_now_accounts":[],"rop_publish_now_history":[],"rop_publish_now_status":"pending","footnotes":""},"class_list":["post-25064","page","type-page","status-publish","hentry"],"_links":{"self":[{"href":"https:\/\/www.etconline.de\/wp\/index.php\/wp-json\/wp\/v2\/pages\/25064","targetHints":{"allow":["GET"]}}],"collection":[{"href":"https:\/\/www.etconline.de\/wp\/index.php\/wp-json\/wp\/v2\/pages"}],"about":[{"href":"https:\/\/www.etconline.de\/wp\/index.php\/wp-json\/wp\/v2\/types\/page"}],"author":[{"embeddable":true,"href":"https:\/\/www.etconline.de\/wp\/index.php\/wp-json\/wp\/v2\/users\/2"}],"replies":[{"embeddable":true,"href":"https:\/\/www.etconline.de\/wp\/index.php\/wp-json\/wp\/v2\/comments?post=25064"}],"version-history":[{"count":1,"href":"https:\/\/www.etconline.de\/wp\/index.php\/wp-json\/wp\/v2\/pages\/25064\/revisions"}],"predecessor-version":[{"id":25081,"href":"https:\/\/www.etconline.de\/wp\/index.php\/wp-json\/wp\/v2\/pages\/25064\/revisions\/25081"}],"up":[{"embeddable":true,"href":"https:\/\/www.etconline.de\/wp\/index.php\/wp-json\/wp\/v2\/pages\/13361"}],"wp:attachment":[{"href":"https:\/\/www.etconline.de\/wp\/index.php\/wp-json\/wp\/v2\/media?parent=25064"}],"curies":[{"name":"wp","href":"https:\/\/api.w.org\/{rel}","templated":true}]}}