 {"id":40279,"date":"2024-03-04T11:15:54","date_gmt":"2024-03-04T10:15:54","guid":{"rendered":"https:\/\/www.etconline.de\/wp\/?page_id=40279"},"modified":"2025-03-03T20:45:21","modified_gmt":"2025-03-03T19:45:21","slug":"playoffs-und-playdowns-2023-24","status":"publish","type":"page","link":"https:\/\/www.etconline.de\/wp\/index.php\/history\/saisonrueckblicke\/saison-2023-24-del-2\/playoffs-und-playdowns-2023-24\/","title":{"rendered":"Playoffs und Playdowns 2023\/24"},"content":{"rendered":"<p><strong><em>Playoffs<\/em><\/strong><\/p>\n<p><strong>Pre-Playoffs<\/strong><\/p>\n<p>Lausitzer F\u00fcchse vs. EC Bad Nauheim<br \/>\nSerie: 2:0<\/p>\n<p>Ravensburg Towerstars vs. EHC Freiburg<br \/>\nSerie: 2:0<\/p>\n<p><strong>Viertelfinale<\/strong><\/p>\n<p>Kassel Huskies vs. Lausitzer F\u00fcchse<br \/>\nSerie: 4:3<\/p>\n<p>EV Regensburg vs. Ravensburg Towerstars<br \/>\nSerie: 4:3<\/p>\n<p>Eispiraten Crimmitschau vs. Krefeld Pinguine<br \/>\nSerie: 4:3<\/p>\n<p>EV Landshut vs. ESV Kaufbeuren<br \/>\nSerie: 3:4<\/p>\n<p><strong>Halbfinale<\/strong><\/p>\n<p>Kassel Huskies vs. ESV Kaufbeuren<br \/>\nSerie: 4:1<\/p>\n<p>Eisb\u00e4ren Regensburg vs. Eispiraten Crimmitschau<br \/>\nSerie: 4:2<\/p>\n<p><strong>Finale<\/strong><\/p>\n<p>Kassel Huskies vs. Eisb\u00e4ren Regensburg<br \/>\nSerie: 2:3<\/p>\n<p>Alle Einzelergebnisse der Playoffs gibt es <a href=\"https:\/\/wp.etconline.de\/index.php\/saison\/spieltagsuebersicht\/?spielklasse=193\"><strong>hier!<\/strong><\/a><\/p>\n<p><em><strong>Playdowns<\/strong><\/em><\/p>\n<p><strong>1.Runde<\/strong><\/p>\n<p>Starbulls Rosenheim vs. Bietigheim Steelers<br \/>\nSerie: 4:1 (Start der Serie mit 2:0-F\u00fchrung Rosenheim)<\/p>\n<p>Selber W\u00f6lfe vs. Dresdner Eisl\u00f6wen<br \/>\nSerie: 2:4 (Start der Serie mit 1:0-F\u00fchrung Selb)<\/p>\n<p><strong>2.Runde<\/strong><\/p>\n<p>Selber W\u00f6lfe vs. Bietigheim Steelers<br \/>\nSerie: 4:1 (Start der Serie mit 1:0-F\u00fchrung Selb)<\/p>\n<p>Alle Einzelergebnisse der Playdowns gibt es <a href=\"https:\/\/wp.etconline.de\/index.php\/saison\/spieltagsuebersicht\/?spielklasse=194\"><strong>hier!<\/strong><\/a><\/p>\n","protected":false},"excerpt":{"rendered":"<p>Playoffs Pre-Playoffs Lausitzer F\u00fcchse vs. EC Bad Nauheim Serie: 2:0 Ravensburg Towerstars vs. EHC Freiburg Serie: 2:0 Viertelfinale Kassel Huskies vs. Lausitzer F\u00fcchse Serie: 4:3 EV Regensburg vs. Ravensburg Towerstars Serie: 4:3 Eispiraten Crimmitschau vs. Krefeld Pinguine Serie: 4:3 EV Landshut vs. ESV Kaufbeuren Serie: 3:4 Halbfinale Kassel Huskies vs. ESV Kaufbeuren Serie: 4:1 Eisb\u00e4ren Regensburg vs. Eispiraten Crimmitschau Serie: 4:2 Finale Kassel Huskies vs. Eisb\u00e4ren Regensburg Serie: 2:3 Alle Einzelergebnisse der Playoffs gibt es hier! Playdowns 1.Runde Starbulls Rosenheim vs. Bietigheim Steelers Serie: 4:1 (Start der Serie mit 2:0-F\u00fchrung Rosenheim) Selber W\u00f6lfe vs. Dresdner Eisl\u00f6wen Serie: 2:4 (Start der  [&#8230;]<\/p>\n","protected":false},"author":2,"featured_media":0,"parent":34554,"menu_order":0,"comment_status":"closed","ping_status":"closed","template":"","meta":{"rop_custom_images_group":[],"rop_custom_messages_group":[],"rop_publish_now":"initial","rop_publish_now_accounts":[],"rop_publish_now_history":[],"rop_publish_now_status":"pending","footnotes":""},"class_list":["post-40279","page","type-page","status-publish","hentry"],"_links":{"self":[{"href":"https:\/\/www.etconline.de\/wp\/index.php\/wp-json\/wp\/v2\/pages\/40279","targetHints":{"allow":["GET"]}}],"collection":[{"href":"https:\/\/www.etconline.de\/wp\/index.php\/wp-json\/wp\/v2\/pages"}],"about":[{"href":"https:\/\/www.etconline.de\/wp\/index.php\/wp-json\/wp\/v2\/types\/page"}],"author":[{"embeddable":true,"href":"https:\/\/www.etconline.de\/wp\/index.php\/wp-json\/wp\/v2\/users\/2"}],"replies":[{"embeddable":true,"href":"https:\/\/www.etconline.de\/wp\/index.php\/wp-json\/wp\/v2\/comments?post=40279"}],"version-history":[{"count":24,"href":"https:\/\/www.etconline.de\/wp\/index.php\/wp-json\/wp\/v2\/pages\/40279\/revisions"}],"predecessor-version":[{"id":46096,"href":"https:\/\/www.etconline.de\/wp\/index.php\/wp-json\/wp\/v2\/pages\/40279\/revisions\/46096"}],"up":[{"embeddable":true,"href":"https:\/\/www.etconline.de\/wp\/index.php\/wp-json\/wp\/v2\/pages\/34554"}],"wp:attachment":[{"href":"https:\/\/www.etconline.de\/wp\/index.php\/wp-json\/wp\/v2\/media?parent=40279"}],"curies":[{"name":"wp","href":"https:\/\/api.w.org\/{rel}","templated":true}]}}