 {"id":53005,"date":"2026-03-08T11:25:18","date_gmt":"2026-03-08T10:25:18","guid":{"rendered":"https:\/\/www.etconline.de\/wp\/?page_id=53005"},"modified":"2026-04-21T21:29:26","modified_gmt":"2026-04-21T19:29:26","slug":"playoffs-und-playdowns-2025-26","status":"publish","type":"page","link":"https:\/\/www.etconline.de\/wp\/index.php\/history\/saisonrueckblicke\/saison-2025-26-del-2\/playoffs-und-playdowns-2025-26\/","title":{"rendered":"Playoffs und Playdowns 2025\/26"},"content":{"rendered":"<p><strong><em>Playoffs<\/em><\/strong><\/p>\n<p><strong>Pre-Playoffs<\/strong><\/p>\n<p>Lausitzer F\u00fcchse vs. Eispiraten Crimmitschau<br \/>\nSerie: 2:0<\/p>\n<p>EV Landshut vs. D\u00fcsseldorfer EG<br \/>\nSerie: 2:0<\/p>\n<p><strong>Viertelfinale<\/strong><\/p>\n<p>Krefeld Pinguine vs. EV Landshut<br \/>\nSerie: 4:0<\/p>\n<p>Kassel Huskies vs. Lausitzer F\u00fcchse<br \/>\nSerie: 4:2<\/p>\n<p>Starbulls Rosenheim vs. Eisb\u00e4ren Regensburg<br \/>\nSerie: 2:4<\/p>\n<p>Ravensburg Towerstars vs. Bietigheim Steelers<br \/>\nSerie: 3:4<\/p>\n<p><strong>Halbfinale<\/strong><\/p>\n<p>Krefeld Pinguine vs. Eisb\u00e4ren Regensburg<br \/>\nSerie: 4:0<\/p>\n<p>Kassel Huskies vs. Bietigheim Steelers<\/p>\n<p>Serie: 4:2<\/p>\n<p><strong>Finale<\/strong><\/p>\n<p>Krefeld Pinguine vs. Kassel Huskies<br \/>\nSerie: 3:0<\/p>\n<p>Alle Einzelergebnisse der Playoffs gibt es <a href=\"https:\/\/wp.etconline.de\/index.php\/saison\/spieltagsuebersicht\/?spielklasse=202\"><strong>hier!<\/strong><\/a><\/p>\n<p><em><strong>Playdowns<\/strong><\/em><\/p>\n<p><strong>1.Runde<\/strong><\/p>\n<p>EHC Freiburg vs. ESV Kaufbeuren<br \/>\nSerie: 4:0 (Start der Serie mit 1:0-F\u00fchrung Freiburg)<\/p>\n<p>Blue Devils Weiden vs. EC Bad Nauheim<br \/>\nSerie: 0:4<\/p>\n<p><strong>2.Runde<\/strong><\/p>\n<p>Blue Devils Weiden vs. ESV Kaufbeuren<br \/>\nSerie: 4:2 (Start der Serie mit 1:0-F\u00fchrung Weiden)<\/p>\n<p><strong>Kaufbeuren ist sportlicher Absteiger.\u00a0<\/strong><\/p>\n<p>Alle Einzelergebnisse der Playdowns gibt es <a href=\"https:\/\/wp.etconline.de\/index.php\/saison\/spieltagsuebersicht\/?spielklasse=203\"><strong>hier!<\/strong><\/a><\/p>\n","protected":false},"excerpt":{"rendered":"<p>Playoffs Pre-Playoffs Lausitzer F\u00fcchse vs. Eispiraten Crimmitschau Serie: 2:0 EV Landshut vs. D\u00fcsseldorfer EG Serie: 2:0 Viertelfinale Krefeld Pinguine vs. EV Landshut Serie: 4:0 Kassel Huskies vs. Lausitzer F\u00fcchse Serie: 4:2 Starbulls Rosenheim vs. Eisb\u00e4ren Regensburg Serie: 2:4 Ravensburg Towerstars vs. Bietigheim Steelers Serie: 3:4 Halbfinale Krefeld Pinguine vs. Eisb\u00e4ren Regensburg Serie: 4:0 Kassel Huskies vs. Bietigheim Steelers Serie: 4:2 Finale Krefeld Pinguine vs. Kassel Huskies Serie: 3:0 Alle Einzelergebnisse der Playoffs gibt es hier! Playdowns 1.Runde EHC Freiburg vs. ESV Kaufbeuren Serie: 4:0 (Start der Serie mit 1:0-F\u00fchrung Freiburg) Blue Devils Weiden vs. EC Bad Nauheim Serie: 0:4 2.Runde  [&#8230;]<\/p>\n","protected":false},"author":2,"featured_media":0,"parent":46976,"menu_order":0,"comment_status":"closed","ping_status":"closed","template":"","meta":{"rop_custom_images_group":[],"rop_custom_messages_group":[],"rop_publish_now":"initial","rop_publish_now_accounts":[],"rop_publish_now_history":[],"rop_publish_now_status":"pending","footnotes":""},"class_list":["post-53005","page","type-page","status-publish","hentry"],"_links":{"self":[{"href":"https:\/\/www.etconline.de\/wp\/index.php\/wp-json\/wp\/v2\/pages\/53005","targetHints":{"allow":["GET"]}}],"collection":[{"href":"https:\/\/www.etconline.de\/wp\/index.php\/wp-json\/wp\/v2\/pages"}],"about":[{"href":"https:\/\/www.etconline.de\/wp\/index.php\/wp-json\/wp\/v2\/types\/page"}],"author":[{"embeddable":true,"href":"https:\/\/www.etconline.de\/wp\/index.php\/wp-json\/wp\/v2\/users\/2"}],"replies":[{"embeddable":true,"href":"https:\/\/www.etconline.de\/wp\/index.php\/wp-json\/wp\/v2\/comments?post=53005"}],"version-history":[{"count":26,"href":"https:\/\/www.etconline.de\/wp\/index.php\/wp-json\/wp\/v2\/pages\/53005\/revisions"}],"predecessor-version":[{"id":53631,"href":"https:\/\/www.etconline.de\/wp\/index.php\/wp-json\/wp\/v2\/pages\/53005\/revisions\/53631"}],"up":[{"embeddable":true,"href":"https:\/\/www.etconline.de\/wp\/index.php\/wp-json\/wp\/v2\/pages\/46976"}],"wp:attachment":[{"href":"https:\/\/www.etconline.de\/wp\/index.php\/wp-json\/wp\/v2\/media?parent=53005"}],"curies":[{"name":"wp","href":"https:\/\/api.w.org\/{rel}","templated":true}]}}