 {"id":53370,"date":"2026-03-16T21:03:18","date_gmt":"2026-03-16T20:03:18","guid":{"rendered":"https:\/\/www.etconline.de\/wp\/?page_id=53370"},"modified":"2026-04-21T19:10:37","modified_gmt":"2026-04-21T17:10:37","slug":"mannschaft-2026-27","status":"publish","type":"page","link":"https:\/\/www.etconline.de\/wp\/index.php\/history\/saisonrueckblicke\/saison-2026-27-del-2\/mannschaft-2026-27\/","title":{"rendered":"Mannschaft 2026\/27"},"content":{"rendered":"\n<table id=\"tablepress-0-ka-202627\" class=\"tablepress tablepress-id-0-ka-202627\" aria-describedby=\"tablepress-0-ka-202627-description\">\n<thead>\n<tr class=\"row-1\">\n\t<th class=\"column-1\">Nr.<\/th><th class=\"column-2\">Name<\/th><th class=\"column-3\">Pos.<\/th><th class=\"column-4\">Ha.<\/th><th class=\"column-5\">Geb.datum<\/th><th class=\"column-6\">Gr.<\/th><th class=\"column-7\">Gew.<\/th><th class=\"column-8\">Nat.<\/th>\n<\/tr>\n<\/thead>\n<tbody class=\"row-striping row-hover\">\n<tr class=\"row-2\">\n\t<td class=\"column-1\">30<\/td><td class=\"column-2\"><a href=\"https:\/\/www.etconline.de\/wp\/index.php\/2026\/04\/21\/pascal-seidel\/\">Seidel, Pascal<\/a><\/td><td class=\"column-3\">G<\/td><td class=\"column-4\">L<\/td><td class=\"column-5\">21.01.2003<\/td><td class=\"column-6\">191<\/td><td class=\"column-7\">83<\/td><td class=\"column-8\"><img decoding=\"async\" src=\"https:\/\/www.etconline.de\/wp\/wp-content\/uploads\/2017\/06\/flagge_GER.png\" alt=\"\" width=\"19\" height=\"14\" class=\"alignnone size-full wp-image-9254\" \/>  <img decoding=\"async\" src=\"https:\/\/www.etconline.de\/wp\/wp-content\/uploads\/2019\/11\/flagge_ITA.png\" alt=\"\" width=\"19\" height=\"14\" class=\"alignnone size-full wp-image-9254\" \/> <\/td>\n<\/tr>\n<tr class=\"row-3\">\n\t<td class=\"column-1\">41<\/td><td class=\"column-2\"><a href=\"https:\/\/www.etconline.de\/wp\/index.php\/2025\/06\/10\/kevin-reich\/\">Reich, Kevin<\/a><\/td><td class=\"column-3\">G<\/td><td class=\"column-4\">L<\/td><td class=\"column-5\">1995-10-26<\/td><td class=\"column-6\">186<\/td><td class=\"column-7\">94<\/td><td class=\"column-8\"><img decoding=\"async\" src=\"https:\/\/www.etconline.de\/wp\/wp-content\/uploads\/2017\/06\/flagge_GER.png\" alt=\"\" width=\"19\" height=\"14\" class=\"alignnone size-full wp-image-9254\" \/><\/td>\n<\/tr>\n<tr class=\"row-4\">\n\t<td class=\"column-1\">4<\/td><td class=\"column-2\"><a href=\"https:\/\/www.etconline.de\/wp\/index.php\/2018\/05\/19\/felix-thomas\/\">Thomas, Felix<\/a><\/td><td class=\"column-3\">D<\/td><td class=\"column-4\">L<\/td><td class=\"column-5\">1988-02-22<\/td><td class=\"column-6\">180<\/td><td class=\"column-7\">86<\/td><td class=\"column-8\"><img decoding=\"async\" src=\"https:\/\/www.etconline.de\/wp\/wp-content\/uploads\/2017\/06\/flagge_GER.png\" alt=\"\" width=\"19\" height=\"14\" class=\"alignnone size-full wp-image-9254\" \/><\/td>\n<\/tr>\n<tr class=\"row-5\">\n\t<td class=\"column-1\">7<\/td><td class=\"column-2\"><a href=\"https:\/\/www.etconline.de\/wp\/index.php\/2025\/07\/08\/adam-mccormick\/\">McCormick, Adam<\/a><\/td><td class=\"column-3\">D<\/td><td class=\"column-4\">L<\/td><td class=\"column-5\">2000-06-25<\/td><td class=\"column-6\">180<\/td><td class=\"column-7\">86<\/td><td class=\"column-8\"><img decoding=\"async\" src=\"https:\/\/www.etconline.de\/wp\/wp-content\/uploads\/2017\/06\/flagge_CAN.png\" alt=\"\" width=\"19\" height=\"14\" class=\"alignnone size-full wp-image-9251\" \/><\/td>\n<\/tr>\n<tr class=\"row-6\">\n\t<td class=\"column-1\">15<\/td><td class=\"column-2\"><a href=\"https:\/\/www.etconline.de\/wp\/index.php\/2016\/11\/01\/ole-olleff\/\">Olleff, Ole<\/a><\/td><td class=\"column-3\">D<\/td><td class=\"column-4\">L<\/td><td class=\"column-5\">1996-05-11<\/td><td class=\"column-6\">188<\/td><td class=\"column-7\">89<\/td><td class=\"column-8\"><img decoding=\"async\" src=\"https:\/\/www.etconline.de\/wp\/wp-content\/uploads\/2017\/06\/flagge_GER.png\" alt=\"\" width=\"19\" height=\"14\" class=\"alignnone size-full wp-image-9254\" \/><\/td>\n<\/tr>\n<tr class=\"row-7\">\n\t<td class=\"column-1\">21<\/td><td class=\"column-2\"><a href=\"https:\/\/www.etconline.de\/wp\/index.php\/2024\/06\/13\/mirko-sacher\/\">Sacher, Mirko<\/a><\/td><td class=\"column-3\">D<\/td><td class=\"column-4\">R<\/td><td class=\"column-5\">1991-11-01<\/td><td class=\"column-6\">181<\/td><td class=\"column-7\">83<\/td><td class=\"column-8\"><img decoding=\"async\" src=\"https:\/\/www.etconline.de\/wp\/wp-content\/uploads\/2017\/06\/flagge_GER.png\" alt=\"\" width=\"19\" height=\"14\" class=\"alignnone size-full wp-image-9254\" \/><\/td>\n<\/tr>\n<tr class=\"row-8\">\n\t<td class=\"column-1\">nn<\/td><td class=\"column-2\"><a href=\"https:\/\/www.etconline.de\/wp\/index.php\/2026\/04\/21\/collin-adams\/\">Adams, Collin<\/a><\/td><td class=\"column-3\">LW\/C<\/td><td class=\"column-4\">L<\/td><td class=\"column-5\">1998-04-24<\/td><td class=\"column-6\">175<\/td><td class=\"column-7\">88<\/td><td class=\"column-8\"><img decoding=\"async\" src=\"https:\/\/www.etconline.de\/wp\/wp-content\/uploads\/2017\/06\/flagge_USA.png\" alt=\"\" width=\"19\" height=\"14\" class=\"alignnone size-full wp-image-9264\" \/><\/td>\n<\/tr>\n<tr class=\"row-9\">\n\t<td class=\"column-1\">8<\/td><td class=\"column-2\"><a href=\"https:\/\/www.etconline.de\/wp\/index.php\/2016\/10\/31\/dominic-walsh\/\">Walsh, Dominic<\/a><\/td><td class=\"column-3\">D\/RW<\/td><td class=\"column-4\">R<\/td><td class=\"column-5\">1989-07-18<\/td><td class=\"column-6\">183<\/td><td class=\"column-7\">88<\/td><td class=\"column-8\"><img decoding=\"async\" src=\"https:\/\/www.etconline.de\/wp\/wp-content\/uploads\/2017\/06\/flagge_GER.png\" alt=\"\" width=\"19\" height=\"14\" class=\"alignnone size-full wp-image-9254\" \/> <img decoding=\"async\" src=\"https:\/\/www.etconline.de\/wp\/wp-content\/uploads\/2017\/06\/flagge_GBR.png\" alt=\"\" width=\"19\" height=\"14\" class=\"alignnone size-full wp-image-9266\" \/><\/td>\n<\/tr>\n<tr class=\"row-10\">\n\t<td class=\"column-1\">22<\/td><td class=\"column-2\"><a href=\"https:\/\/www.etconline.de\/wp\/index.php\/2021\/10\/16\/tim-lutz\/\">Lutz, Tim<\/a><\/td><td class=\"column-3\">F<\/td><td class=\"column-4\">L<\/td><td class=\"column-5\">2000-09-27<\/td><td class=\"column-6\">185<\/td><td class=\"column-7\">85<\/td><td class=\"column-8\"><img decoding=\"async\" src=\"https:\/\/www.etconline.de\/wp\/wp-content\/uploads\/2017\/06\/flagge_GER.png\" alt=\"\" width=\"19\" height=\"14\" class=\"alignnone size-full wp-image-9254\" \/>  <img decoding=\"async\" src=\"https:\/\/www.etconline.de\/wp\/wp-content\/uploads\/2021\/10\/flagge_SUI.png\" alt=\"\" width=\"14\" height=\"14\" class=\"alignnone size-full wp-image-9254\" \/><\/td>\n<\/tr>\n<tr class=\"row-11\">\n\t<td class=\"column-1\">84<\/td><td class=\"column-2\"><a href=\"https:\/\/www.etconline.de\/wp\/index.php\/2025\/08\/01\/louis-brune\/\">Brune, Louis<\/a><\/td><td class=\"column-3\">F<\/td><td class=\"column-4\">R<\/td><td class=\"column-5\">2000-05-05<\/td><td class=\"column-6\">184<\/td><td class=\"column-7\">86<\/td><td class=\"column-8\"><img decoding=\"async\" src=\"https:\/\/www.etconline.de\/wp\/wp-content\/uploads\/2017\/06\/flagge_GER.png\" alt=\"\" width=\"19\" height=\"14\" class=\"alignnone size-full wp-image-9254\" \/><\/td>\n<\/tr>\n<tr class=\"row-12\">\n\t<td class=\"column-1\">86<\/td><td class=\"column-2\"><a href=\"https:\/\/www.etconline.de\/wp\/index.php\/2026\/02\/24\/leon-neiger\/\">Neiger, Leon<\/a><\/td><td class=\"column-3\">F<\/td><td class=\"column-4\">L<\/td><td class=\"column-5\">2005-01-23<\/td><td class=\"column-6\">181<\/td><td class=\"column-7\">82<\/td><td class=\"column-8\"><img decoding=\"async\" src=\"https:\/\/www.etconline.de\/wp\/wp-content\/uploads\/2017\/06\/flagge_GER.png\" alt=\"\" width=\"19\" height=\"14\" class=\"alignnone size-full wp-image-9254\" \/><\/td>\n<\/tr>\n<tr class=\"row-13\">\n\t<td class=\"column-1\">88<\/td><td class=\"column-2\"><a href=\"https:\/\/www.etconline.de\/wp\/index.php\/2025\/06\/12\/dylan-wruck\/\">Wruck, Dylan<\/a><\/td><td class=\"column-3\">LW\/C<\/td><td class=\"column-4\">L<\/td><td class=\"column-5\">1992-09-23<\/td><td class=\"column-6\">175<\/td><td class=\"column-7\">72<\/td><td class=\"column-8\"><img decoding=\"async\" src=\"https:\/\/www.etconline.de\/wp\/wp-content\/uploads\/2017\/06\/flagge_GER.png\" alt=\"\" width=\"19\" height=\"14\" class=\"alignnone size-full wp-image-9254\" \/> <img decoding=\"async\" src=\"https:\/\/www.etconline.de\/wp\/wp-content\/uploads\/2017\/06\/flagge_CAN.png\" alt=\"\" width=\"19\" height=\"14\" class=\"alignnone size-full wp-image-9251\" \/><\/td>\n<\/tr>\n<tr class=\"row-14\">\n\t<td class=\"column-1\">89<\/td><td class=\"column-2\"><a href=\"https:\/\/www.etconline.de\/wp\/index.php\/2025\/11\/25\/sebastian-streu\/\">Streu, Sebastian<\/a><\/td><td class=\"column-3\">C<\/td><td class=\"column-4\">L<\/td><td class=\"column-5\">1999-11-22<\/td><td class=\"column-6\">184<\/td><td class=\"column-7\">78<\/td><td class=\"column-8\"><img decoding=\"async\" src=\"https:\/\/www.etconline.de\/wp\/wp-content\/uploads\/2017\/06\/flagge_GER.png\" alt=\"\" width=\"19\" height=\"14\" class=\"alignnone size-full wp-image-9254\" \/> <img decoding=\"async\" src=\"https:\/\/www.etconline.de\/wp\/wp-content\/uploads\/2017\/06\/flagge_CAN.png\" alt=\"\" width=\"19\" height=\"14\" class=\"alignnone size-full wp-image-9251\" \/><\/td>\n<\/tr>\n<\/tbody>\n<tfoot>\n<tr class=\"row-15\">\n\t<td class=\"column-1\"><\/td><th class=\"column-2\">Durchschnitt:<\/th><td class=\"column-3\"><\/td><td class=\"column-4\"><\/td><th class=\"column-5\">1997-02-05<\/th><th class=\"column-6\">183<\/th><th class=\"column-7\">85<\/th><td class=\"column-8\"><\/td>\n<\/tr>\n<\/tfoot>\n<\/table>\n<span id=\"tablepress-0-ka-202627-description\" class=\"tablepress-table-description tablepress-table-description-id-0-ka-202627\">Stand: 21.04.2026<br \/>\nPos. = Position, Ha. = Spieler: Stock-\/Schusshand; Goalie: Fanghand, Geb.datum = Geburtsdatum, Gr. = Gr\u00f6\u00dfe in cm, Gew. = Gewicht in kg, Nat.= Nationalit\u00e4t<\/span>\n<!-- #tablepress-0-ka-202627 from cache -->\n<div class=\"fusion-table table-1\">\n<\/p>\n<div class=\"table-1\">\n<table width=\"100%\">\n<thead>\n<tr>\n<th align=\"left\">Team Staff<\/th>\n<th align=\"left\">Geb.datum<\/th>\n<th align=\"left\">Nationalit\u00e4t<\/th>\n<\/tr>\n<\/thead>\n<tbody>\n<tr>\n<td align=\"left\">Headcoach: <a href=\"https:\/\/wp.etconline.de\/index.php\/2023\/03\/09\/jussi-tuores\/\">Jussi Tuores<\/a><\/td>\n<td align=\"left\">25.03.1989<\/td>\n<td align=\"left\"><strong><img decoding=\"async\" class=\"alignnone wp-image-9253 size-full\" src=\"https:\/\/wp.etconline.de\/wp-content\/uploads\/2017\/06\/flagge_FIN.png\" alt=\"\" width=\"19\" height=\"14\" \/><\/strong><\/td>\n<\/tr>\n<tr>\n<td align=\"left\">Co-Trainer: &#8211;<\/td>\n<td align=\"left\">&#8211;<\/td>\n<td align=\"left\">&#8211;<\/td>\n<\/tr>\n<\/tbody>\n<\/table>\n<\/div>\n<p>\n<p><strong>Zug\u00e4nge:<br \/>\n<\/strong><a href=\"https:\/\/www.etconline.de\/wp\/index.php\/2026\/04\/21\/collin-adams\/\">Collin Adams<\/a> &#8211; Pioneers Vorarlberg (ICEHL)<br \/>\n<a href=\"https:\/\/www.etconline.de\/wp\/index.php\/2026\/04\/21\/pascal-seidel\/\">Pascal Seidel<\/a> &#8211; Lausitzer F\u00fcchse (DEL2)<\/p>\n<\/div>\n<p><em>w\u00e4hrend der Saison 2026\/27:<br \/>\n<\/em>&#8211;<\/p>\n<p><strong>Abg\u00e4nge:<br \/>\n<\/strong><a href=\"https:\/\/www.etconline.de\/wp\/index.php\/2021\/08\/01\/gregory-kreutzer\/\">Gregory Kreutzer<\/a> &#8211; Dresdner Eisl\u00f6wen (DEL2)<br \/>\n<a href=\"https:\/\/www.etconline.de\/wp\/index.php\/2025\/01\/20\/corey-mackin\/\">Corey Mackin<\/a> &#8211; D\u00fcsseldorfer EG (DEL2)<br \/>\n<a href=\"https:\/\/www.etconline.de\/wp\/index.php\/2026\/03\/02\/nick-jordan-vieregge\/\">Nick-Jordan Vieregge<\/a> &#8211; Stuttgart Rebels (Oberliga S\u00fcd)<br \/>\n<a href=\"https:\/\/www.etconline.de\/wp\/index.php\/2024\/05\/30\/till-michel\/\">Till Michel<\/a> &#8211; unbekannt<br \/>\n<a href=\"https:\/\/www.etconline.de\/wp\/index.php\/2024\/04\/24\/alexander-vladelchtchikov\/\">Alexander Vladelchtchikov<\/a> &#8211; Real Stars Bergisch Gladbach (Regionalliga NRW)<br \/>\n<a href=\"https:\/\/www.etconline.de\/wp\/index.php\/2025\/11\/28\/maxim-trepanier\/\">Maxim Tr\u00e9panier<\/a> &#8211; unbekannt<br \/>\n<a href=\"https:\/\/www.etconline.de\/wp\/index.php\/2025\/07\/24\/tim-mcgauley\/\">Tim McGauley<\/a> &#8211; unbekannt<br \/>\n<a href=\"https:\/\/www.etconline.de\/wp\/index.php\/2023\/09\/13\/ladislav-zikmund\/\">Ladislav Zikmund<\/a> &#8211; unbekannt<br \/>\n<a href=\"https:\/\/www.etconline.de\/wp\/index.php\/2021\/07\/19\/christian-schneider\/\">Christian Schneider<\/a> &#8211; EHC Freiburg (DEL2)<\/p>\n<p><strong>*<\/strong><em> w\u00e4hrend der Saison 2026\/27:<br \/>\n<\/em>&#8211;<em><br \/>\n<\/em><\/p>\n<p>Foto: &#8211;<\/p>\n","protected":false},"excerpt":{"rendered":"<p>Zug\u00e4nge: Collin Adams &#8211; Pioneers Vorarlberg (ICEHL) Pascal Seidel &#8211; Lausitzer F\u00fcchse (DEL2) w\u00e4hrend der Saison 2026\/27: &#8211; Abg\u00e4nge: Gregory Kreutzer &#8211; Dresdner Eisl\u00f6wen (DEL2) Corey Mackin &#8211; D\u00fcsseldorfer EG (DEL2) Nick-Jordan Vieregge &#8211; Stuttgart Rebels (Oberliga S\u00fcd) Till Michel &#8211; unbekannt Alexander Vladelchtchikov &#8211; Real Stars Bergisch Gladbach (Regionalliga NRW) Maxim Tr\u00e9panier &#8211; unbekannt Tim McGauley &#8211; unbekannt Ladislav Zikmund &#8211; unbekannt Christian Schneider &#8211; EHC Freiburg (DEL2) * w\u00e4hrend der Saison 2026\/27: &#8211; Foto: &#8211;<\/p>\n","protected":false},"author":2,"featured_media":0,"parent":53364,"menu_order":0,"comment_status":"closed","ping_status":"closed","template":"","meta":{"rop_custom_images_group":[],"rop_custom_messages_group":[],"rop_publish_now":"initial","rop_publish_now_accounts":[],"rop_publish_now_history":[],"rop_publish_now_status":"pending","footnotes":""},"class_list":["post-53370","page","type-page","status-publish","hentry"],"_links":{"self":[{"href":"https:\/\/www.etconline.de\/wp\/index.php\/wp-json\/wp\/v2\/pages\/53370","targetHints":{"allow":["GET"]}}],"collection":[{"href":"https:\/\/www.etconline.de\/wp\/index.php\/wp-json\/wp\/v2\/pages"}],"about":[{"href":"https:\/\/www.etconline.de\/wp\/index.php\/wp-json\/wp\/v2\/types\/page"}],"author":[{"embeddable":true,"href":"https:\/\/www.etconline.de\/wp\/index.php\/wp-json\/wp\/v2\/users\/2"}],"replies":[{"embeddable":true,"href":"https:\/\/www.etconline.de\/wp\/index.php\/wp-json\/wp\/v2\/comments?post=53370"}],"version-history":[{"count":10,"href":"https:\/\/www.etconline.de\/wp\/index.php\/wp-json\/wp\/v2\/pages\/53370\/revisions"}],"predecessor-version":[{"id":53625,"href":"https:\/\/www.etconline.de\/wp\/index.php\/wp-json\/wp\/v2\/pages\/53370\/revisions\/53625"}],"up":[{"embeddable":true,"href":"https:\/\/www.etconline.de\/wp\/index.php\/wp-json\/wp\/v2\/pages\/53364"}],"wp:attachment":[{"href":"https:\/\/www.etconline.de\/wp\/index.php\/wp-json\/wp\/v2\/media?parent=53370"}],"curies":[{"name":"wp","href":"https:\/\/api.w.org\/{rel}","templated":true}]}}